{"id":162,"date":"2022-07-01T09:12:31","date_gmt":"2022-07-01T07:12:31","guid":{"rendered":"https:\/\/platby.pske.cz\/platby\/?page_id=162"},"modified":"2022-07-01T09:12:33","modified_gmt":"2022-07-01T07:12:33","slug":"licence-zkusebniho-komisare","status":"publish","type":"page","link":"https:\/\/platby.pske.cz\/platby\/licence-zkusebniho-komisare\/","title":{"rendered":"Licence zku\u0161ebn\u00edho komisa\u0159e"},"content":{"rendered":"<style type=\"text\/css\">.super-form:not(.super-initialized) *:not(.super-load-icon) { visibility: hidden !important; }<\/style><div id=\"super-form-155\" style=\"margin:0px 0px 0px 0px;\" class=\"super-form super-form-155  super-default-squared super-field-size-huge super-adaptive\" data-hide=\"true\" data-overlay=\"true\" data-field-size=\"huge\"><span class=\"super-load-icon\"><\/span><form tabindex=\"0\" autocomplete=\"on\" enctype=\"multipart\/form-data\"><input type=\"hidden\" name=\"sf_nonce\" value=\"\" \/><input type=\"text\" name=\"super_hp\" size=\"25\" value=\"\" \/><div class=\"super-shortcode super-field super-hidden\"><input class=\"super-shortcode-field\" type=\"hidden\" value=\"155\" name=\"hidden_form_id\" \/><\/div><div class=\"super-grid super-shortcode\"><div class=\"super-shortcode super_one_full super-column grid-level-0 column-number-1 first-column \"><div style=\"height:50px;\" class=\"super-shortcode super-field super-spacer   super-ungrouped  \"><\/div><div class=\"super-shortcode super-field super-html   super-ungrouped  \"><div class=\"super-html-content\"><p class=\"form\">Do aktu\u00e1ln\u00edho formul\u00e1\u0159e se vypl\u0148uj\u00ed pouze osoby, za kter\u00e9 se bude hradit poplatek za licence.<br \/>\nFaktura\u010dn\u00ed a kontaktn\u00ed \u00fadaje budou po\u017eadov\u00e1ny v dal\u0161\u00edm kroku, p\u0159ed dokon\u010den\u00edm samotn\u00e9 objedn\u00e1vky.<\/p><\/div><textarea><p class=\"form\">Do aktu\u00e1ln\u00edho formul\u00e1\u0159e se vypl\u0148uj\u00ed pouze osoby, za kter\u00e9 se bude hradit poplatek za licence.<br \/>\nFaktura\u010dn\u00ed a kontaktn\u00ed \u00fadaje budou po\u017eadov\u00e1ny v dal\u0161\u00edm kroku, p\u0159ed dokon\u010den\u00edm samotn\u00e9 objedn\u00e1vky.<\/p><\/textarea><textarea class=\"super-shortcode-field super-hidden\" name=\"oznam\" data-oname=\"oznam\" data-email=\"HTML:\" data-exclude=\"2\" data-exclude-entry=\"true\" data-absolute-default=\"\" ><p class=\"form\">Do aktu\u00e1ln\u00edho formul\u00e1\u0159e se vypl\u0148uj\u00ed pouze osoby, za kter\u00e9 se bude hradit poplatek za licence.<br \/>\nFaktura\u010dn\u00ed a kontaktn\u00ed \u00fadaje budou po\u017eadov\u00e1ny v dal\u0161\u00edm kroku, p\u0159ed dokon\u010den\u00edm samotn\u00e9 objedn\u00e1vky.<\/p><\/textarea><div class=\"super-error-msg\">Pol\u00ed\u010dko je vy\u017eadov\u00e1no!<\/div><div class=\"super-empty-error-msg\">Pol\u00ed\u010dko je vy\u017eadov\u00e1no!<\/div><\/div><\/div><\/div><div class=\"super-grid super-shortcode\"><div class=\"super-shortcode super_one_full super-column grid-level-0 column-number-1 first-column \" data-duplicate-limit=\"0\" data-duplicate-dynamically=\"true\"><div class=\"super-shortcode super-duplicate-column-fields\"><div style=\"padding-top:20px;padding-bottom:20px;\" class=\"super-shortcode super-field super-divider  super-align-left  super-ungrouped   align-left border-single style-dashed back-0\"><div class=\"super-divider-inner\" style=\"width:100%;border-color:#444444;border-top-width:1px;border-bottom-width:1px;height:1px;\"><\/div><\/div><div class=\"super-shortcode super-field super-html   super-ungrouped  \"><div class=\"super-html-content\"><p class=\"form\">Vypl\u0148te \u00fadaje pro osobu, za kterou chcete uhradit zkou\u0161ky.<\/p><br \/>\n<\/div><textarea><p class=\"form\">Vypl\u0148te \u00fadaje pro osobu, za kterou chcete uhradit zkou\u0161ky.<\/p><br \/>\n<\/textarea><textarea class=\"super-shortcode-field super-hidden\" name=\"html\" data-oname=\"html\" data-email=\"HTML:\" data-exclude=\"2\" data-exclude-entry=\"true\" data-absolute-default=\"\" ><p class=\"form\">Vypl\u0148te \u00fadaje pro osobu, za kterou chcete uhradit zkou\u0161ky.<\/p><br \/>\n<\/textarea><div class=\"super-error-msg\">Pol\u00ed\u010dko je vy\u017eadov\u00e1no!<\/div><div class=\"super-empty-error-msg\">Pol\u00ed\u010dko je vy\u017eadov\u00e1no!<\/div><\/div><div class=\"super-grid super-shortcode\"><div class=\"super-shortcode super_one_half super-column grid-level-1 column-number-1 first-column \"><div class=\"super-shortcode super-field super-text   super-ungrouped  \"><div class=\"super-field-wrapper \"><input tabindex=\"-1\" class=\"super-shortcode-field\" type=\"text\" name=\"first_name\" data-oname=\"first_name\" data-validation=\"empty\" data-email=\"Jm\u00e9no:\" data-absolute-default=\"\" data-default-value=\"\" \/><span class=\"super-adaptive-placeholder\" data-placeholder=\"Jm\u00e9no\" data-placeholderFilled=\"Jm\u00e9no\"><span>Jm\u00e9no<\/span><\/span><\/div><div class=\"super-error-msg\">Pol\u00ed\u010dko je vy\u017eadov\u00e1no!<\/div><div class=\"super-empty-error-msg\">Pol\u00ed\u010dko je vy\u017eadov\u00e1no!<\/div><\/div><\/div><div class=\"super-shortcode super_one_half super-column grid-level-1 column-number-2  \"><div class=\"super-shortcode super-field super-text   super-ungrouped  \"><div class=\"super-field-wrapper \"><input tabindex=\"-1\" class=\"super-shortcode-field\" type=\"text\" name=\"last_name\" data-oname=\"last_name\" data-validation=\"empty\" data-email=\"P\u0159\u00edjmen\u00ed:\" data-absolute-default=\"\" data-default-value=\"\" \/><span class=\"super-adaptive-placeholder\" data-placeholder=\"P\u0159\u00edjmen\u00ed\" data-placeholderFilled=\"P\u0159\u00edjmen\u00ed\"><span>P\u0159\u00edjmen\u00ed<\/span><\/span><\/div><div class=\"super-error-msg\">Pol\u00ed\u010dko je vy\u017eadov\u00e1no!<\/div><div class=\"super-empty-error-msg\">Pol\u00ed\u010dko je vy\u017eadov\u00e1no!<\/div><\/div><\/div><\/div><div class=\"super-grid super-shortcode\"><div class=\"super-shortcode super_one_half super-column grid-level-1 column-number-1 first-column \"><div class=\"super-shortcode super-field super-text   super-ungrouped  \"><div class=\"super-field-wrapper \"><input tabindex=\"-1\" class=\"super-shortcode-field\" type=\"email\" name=\"e-mailem\" data-oname=\"e-mailem\" data-validation=\"email\" data-email=\"E-mail address:\" data-absolute-default=\"\" data-default-value=\"\" \/><span class=\"super-adaptive-placeholder\" data-placeholder=\"Va\u0161e emailov\u00e1 adresa\" data-placeholderFilled=\"Emailov\u00e1 adresa\"><span>Va\u0161e emailov\u00e1 adresa<\/span><\/span><\/div><div class=\"super-error-msg\">Pol\u00ed\u010dko je vy\u017eadov\u00e1no!<\/div><div class=\"super-empty-error-msg\">Pol\u00ed\u010dko je vy\u017eadov\u00e1no!<\/div><\/div><\/div><div class=\"super-shortcode super_one_half super-column grid-level-1 column-number-2  \"><div class=\"super-shortcode super-field super-text   super-ungrouped  \"><div class=\"super-field-wrapper \"><input tabindex=\"-1\" class=\"super-shortcode-field\" type=\"tel\" name=\"telefonn\u00ed \u010d\u00edslo\" data-oname=\"telefonn\u00ed \u010d\u00edslo\" data-message=\"Invalid phonenumber!\" data-validation=\"empty\" data-email=\"Telefonn\u00ed \u010d\u00edslo:\" data-absolute-default=\"\" data-default-value=\"\" \/><span class=\"super-adaptive-placeholder\" data-placeholder=\"Telefonn\u00ed \u010d\u00edslo\" data-placeholderFilled=\"Telefonn\u00ed \u010d\u00edslo\"><span>Telefonn\u00ed \u010d\u00edslo<\/span><\/span><\/div><div class=\"super-error-msg\">Invalid phonenumber!<\/div><div class=\"super-empty-error-msg\">Invalid phonenumber!<\/div><\/div><\/div><\/div><div class=\"super-shortcode super-field super-text   super-ungrouped  \"><div class=\"super-field-wrapper \"><input tabindex=\"-1\" class=\"super-shortcode-field\" type=\"text\" name=\"klub\" data-oname=\"klub\" data-email=\"Klub::\" data-absolute-default=\"\" data-default-value=\"\" \/><span class=\"super-adaptive-placeholder\" data-placeholder=\"Klub\" data-placeholderFilled=\"Klub\"><span>Klub<\/span><\/span><\/div><div class=\"super-error-msg\">Pol\u00ed\u010dko je vy\u017eadov\u00e1no!<\/div><div class=\"super-empty-error-msg\">Pol\u00ed\u010dko je vy\u017eadov\u00e1no!<\/div><\/div><div class=\"super-shortcode super-field super-text   super-ungrouped  \"><div class=\"super-field-wrapper \"><input tabindex=\"-1\" class=\"super-shortcode-field\" type=\"number\"\" step=\"any\" name=\"styl_karatae\" data-oname=\"styl_karatae\" data-validation=\"float\" data-email=\"Styl karate:\" data-absolute-default=\"\" data-default-value=\"\" \/><span class=\"super-adaptive-placeholder\" data-placeholder=\"Styl karate\" data-placeholderFilled=\"Styl karate\"><span>Styl karate<\/span><\/span><\/div><div class=\"super-error-msg\">Pol\u00ed\u010dko je vy\u017eadov\u00e1no!<\/div><div class=\"super-empty-error-msg\">Pol\u00ed\u010dko je vy\u017eadov\u00e1no!<\/div><\/div><div class=\"super-shortcode super-field super-text   super-ungrouped  \"><div class=\"super-field-wrapper \"><input tabindex=\"-1\" class=\"super-shortcode-field\" type=\"number\"\" step=\"any\" name=\"cislo_licence\" data-oname=\"cislo_licence\" data-validation=\"float\" data-email=\"Klub::\" data-absolute-default=\"\" data-default-value=\"\" \/><span class=\"super-adaptive-placeholder\" data-placeholder=\"\u010c\u00edslo licence\" data-placeholderFilled=\"\u010c\u00edslo licence\"><span>\u010c\u00edslo licence<\/span><\/span><\/div><div class=\"super-error-msg\">Pol\u00ed\u010dko je vy\u017eadov\u00e1no!<\/div><div class=\"super-empty-error-msg\">Pol\u00ed\u010dko je vy\u017eadov\u00e1no!<\/div><\/div><div class=\"super-shortcode super-field super-dropdown   super-ungrouped  \"><div class=\"super-field-wrapper \"><input type=\"hidden\" class=\"super-shortcode-field\" name=\"volba\" value=\"\" data-oname=\"volba\" data-email=\"Tren\u00e9rsk\u00e1 licence:\" data-absolute-default=\"\" data-default-value=\"\" data-admin-email-value=\"both\" data-confirm-email-value=\"both\" \/><input tabindex=\"-1\" type=\"text\" name=\"super-dropdown-search\" value=\"\" data-logic=\"contains\" \/><ul class=\"super-dropdown-list\"><li data-value=\"\" class=\"super-item super-placeholder\">- Tren\u00e9rsk\u00e1 licence: -<\/li><li class=\"super-item\" data-value=\"treti_trida\" data-search-value=\"3. T\u0159\u00eddy\"><div>3. T\u0159\u00eddy<\/div><\/li><li class=\"super-item\" data-value=\"druha_trida\" data-search-value=\"2. T\u0159\u00eddy\"><div>2. T\u0159\u00eddy<\/div><\/li><li class=\"super-item\" data-value=\"prvni_trida\" data-search-value=\"1. T\u0159\u00eddy\"><div>1. T\u0159\u00eddy<\/div><\/li><\/ul><span class=\"super-dropdown-arrow\"><span class=\"super-after\"><i class=\"fas fa-caret-down\"><\/i><\/span><\/span><span class=\"super-adaptive-placeholder\" data-placeholder=\"- Tren\u00e9rsk\u00e1 licence: -\" data-placeholderFilled=\"- Tren\u00e9rsk\u00e1 licence: -\"><span>- Tren\u00e9rsk\u00e1 licence: -<\/span><\/span><\/div><div class=\"super-error-msg\">Pol\u00ed\u010dko je vy\u017eadov\u00e1no!<\/div><div class=\"super-empty-error-msg\">Pol\u00ed\u010dko je vy\u017eadov\u00e1no!<\/div><\/div><div class=\"super-shortcode super-field super-text   super-ungrouped  \"><div class=\"super-field-wrapper \"><input tabindex=\"-1\" class=\"super-shortcode-field\" type=\"text\" name=\"datum_licence\" data-oname=\"datum_licence\" data-validation=\"empty\" data-email=\"Datum ud\u011blen\u00e9 tren\u00e9rsk\u00e9 licence\" data-absolute-default=\"\" data-default-value=\"\" \/><span class=\"super-adaptive-placeholder\" data-placeholder=\"Datum z\u00edsk\u00e1n\u00ed tren\u00e9rsk\u00e9 licence\" data-placeholderFilled=\"Datum ud\u011blen\u00e9 tren\u00e9rsk\u00e9 licence\"><span>Datum z\u00edsk\u00e1n\u00ed tren\u00e9rsk\u00e9 licence<\/span><\/span><\/div><div class=\"super-error-msg\">Pol\u00ed\u010dko je vy\u017eadov\u00e1no!<\/div><div class=\"super-empty-error-msg\">Pol\u00ed\u010dko je vy\u017eadov\u00e1no!<\/div><\/div><div class=\"super-shortcode super-field super-text   super-ungrouped  \"><div class=\"super-field-wrapper \"><input tabindex=\"-1\" class=\"super-shortcode-field\" type=\"text\" name=\"datum_dan\" data-oname=\"datum_dan\" data-validation=\"empty\" data-email=\"Datum z\u00ed\u0161k\u00e1n\u00ed posledn\u00edho DANu\" data-absolute-default=\"\" data-default-value=\"\" \/><span class=\"super-adaptive-placeholder\" data-placeholder=\"Datum z\u00ed\u0161k\u00e1n\u00ed posledn\u00edho DANu\" data-placeholderFilled=\"Datum z\u00ed\u0161k\u00e1n\u00ed posledn\u00edho DANu\"><span>Datum z\u00ed\u0161k\u00e1n\u00ed posledn\u00edho DANu<\/span><\/span><\/div><div class=\"super-error-msg\">Pol\u00ed\u010dko je vy\u017eadov\u00e1no!<\/div><div class=\"super-empty-error-msg\">Pol\u00ed\u010dko je vy\u017eadov\u00e1no!<\/div><\/div><div class=\"super-shortcode super-field super-text   super-ungrouped  \"><div class=\"super-field-wrapper \"><input tabindex=\"-1\" class=\"super-shortcode-field\" type=\"text\" name=\"komisar-jmeno-dan\" data-oname=\"komisar-jmeno-dan\" data-validation=\"empty\" data-email=\"Komisa\u0159 kter\u00fd ud\u011blalil posledn\u00ed DAN\" data-absolute-default=\"\" data-default-value=\"\" \/><span class=\"super-adaptive-placeholder\" data-placeholder=\"Komisa\u0159 kter\u00fd ud\u011blalil posledn\u00ed DAN\" data-placeholderFilled=\"Komisa\u0159 kter\u00fd ud\u011blalil posledn\u00ed DAN\"><span>Komisa\u0159 kter\u00fd ud\u011blalil posledn\u00ed DAN<\/span><\/span><\/div><div class=\"super-error-msg\">Pol\u00ed\u010dko je vy\u017eadov\u00e1no!<\/div><div class=\"super-empty-error-msg\">Pol\u00ed\u010dko je vy\u017eadov\u00e1no!<\/div><\/div><div class=\"super-shortcode super-field super-text   super-ungrouped  \"><div class=\"super-field-wrapper \"><input tabindex=\"-1\" class=\"super-shortcode-field\" type=\"text\" name=\"adresa\" data-oname=\"adresa\" data-validation=\"empty\" data-email=\"Adresa:\" data-absolute-default=\"\" data-default-value=\"\" \/><span class=\"super-adaptive-placeholder\" data-placeholder=\"Adresa\" data-placeholderFilled=\"Adresa\"><span>Adresa<\/span><\/span><\/div><div class=\"super-error-msg\">Pol\u00ed\u010dko je vy\u017eadov\u00e1no!<\/div><div class=\"super-empty-error-msg\">Pol\u00ed\u010dko je vy\u017eadov\u00e1no!<\/div><\/div><div class=\"super-grid super-shortcode\"><div class=\"super-shortcode super_one_third super-column grid-level-1 column-number-1 first-column \"><div class=\"super-shortcode super-field super-text   super-ungrouped  \"><div class=\"super-field-wrapper \"><input tabindex=\"-1\" class=\"super-shortcode-field\" type=\"text\" name=\"zipcode\" data-oname=\"zipcode\" data-validation=\"empty\" data-email=\"PS\u010c:\" data-absolute-default=\"\" data-default-value=\"\" data-minlength=\"4\" \/><span class=\"super-adaptive-placeholder\" data-placeholder=\"PS\u010c\" data-placeholderFilled=\"PS\u010c\"><span>PS\u010c<\/span><\/span><\/div><div class=\"super-error-msg\">Pol\u00ed\u010dko je vy\u017eadov\u00e1no!<\/div><div class=\"super-empty-error-msg\">Pol\u00ed\u010dko je vy\u017eadov\u00e1no!<\/div><\/div><\/div><div class=\"super-shortcode super_one_third super-column grid-level-1 column-number-2  \"><div class=\"super-shortcode super-field super-text   super-ungrouped  \"><div class=\"super-field-wrapper \"><input tabindex=\"-1\" class=\"super-shortcode-field\" type=\"text\" name=\"city\" data-oname=\"city\" data-validation=\"empty\" data-email=\"M\u011bsto:\" data-absolute-default=\"\" data-default-value=\"\" \/><span class=\"super-adaptive-placeholder\" data-placeholder=\"M\u011bsto\" data-placeholderFilled=\"M\u011bsto\"><span>M\u011bsto<\/span><\/span><\/div><div class=\"super-error-msg\">Pol\u00ed\u010dko je vy\u017eadov\u00e1no!<\/div><div class=\"super-empty-error-msg\">Pol\u00ed\u010dko je vy\u017eadov\u00e1no!<\/div><\/div><\/div><div class=\"super-shortcode super_one_third super-column grid-level-1 column-number-3  \"><div class=\"super-shortcode super-field super-text   super-ungrouped  \"><div class=\"super-field-wrapper \"><input tabindex=\"-1\" class=\"super-shortcode-field\" type=\"text\" name=\"zeme\" data-oname=\"zeme\" data-validation=\"empty\" data-email=\"n\u00e1zev:\" data-absolute-default=\"\" data-default-value=\"\" \/><span class=\"super-adaptive-placeholder\" data-placeholder=\"Zem\u011b\" data-placeholderFilled=\"Zem\u011b\"><span>Zem\u011b<\/span><\/span><\/div><div class=\"super-error-msg\">Pol\u00ed\u010dko je vy\u017eadov\u00e1no!<\/div><div class=\"super-empty-error-msg\">Pol\u00ed\u010dko je vy\u017eadov\u00e1no!<\/div><\/div><\/div><\/div><div style=\"padding-top:20px;padding-bottom:20px;\" class=\"super-shortcode super-field super-divider  super-align-left  super-ungrouped   align-left border-single style-dashed back-0\"><div class=\"super-divider-inner\" style=\"width:100%;border-color:#444444;border-top-width:1px;border-bottom-width:1px;height:1px;\"><\/div><\/div><div class=\"super-shortcode super-field super-html   super-ungrouped  \"><div class=\"super-html-content\"><p class=\"form\">Pomoc\u00ed ikony zelen\u00e9ho \"+\" p\u0159id\u00e1te pole pro vypln\u011bn\u00ed dal\u0161\u00ed osoby.<\/p><\/div><textarea><p class=\"form\">Pomoc\u00ed ikony zelen\u00e9ho \"+\" p\u0159id\u00e1te pole pro vypln\u011bn\u00ed dal\u0161\u00ed osoby.<\/p><\/textarea><textarea class=\"super-shortcode-field super-hidden\" name=\"html_2\" data-oname=\"html_2\" data-email=\"HTML:\" data-exclude=\"2\" data-exclude-entry=\"true\" data-absolute-default=\"\" ><p class=\"form\">Pomoc\u00ed ikony zelen\u00e9ho \"+\" p\u0159id\u00e1te pole pro vypln\u011bn\u00ed dal\u0161\u00ed osoby.<\/p><\/textarea><div class=\"super-error-msg\">Pol\u00ed\u010dko je vy\u017eadov\u00e1no!<\/div><div class=\"super-empty-error-msg\">Pol\u00ed\u010dko je vy\u017eadov\u00e1no!<\/div><\/div><div class=\"super-duplicate-actions\"><span class=\"super-add-duplicate\"><\/span><span class=\"super-delete-duplicate\"><\/span><\/div><\/div><\/div><\/div><div class=\"super-grid super-shortcode\"><div class=\"super-shortcode super_one_full super-column grid-level-0 column-number-1 first-column \"><div class=\"super-shortcode super-field super-quantity super-has-only-label  super-tooltip  super-ungrouped  \" title=\"Po\u010det osob\"><div class=\"super-label super-bottom-margin\">Po\u010det osob za kter\u00e9 se plat\u00ed poplatek<\/div><div class=\"super-quantity-field-wrap\"><span class=\"super-minus-button super-noselect\"><i>-<\/i><\/span><div style=\"width:80px;\" class=\"super-field-wrapper \"><input tabindex=\"-1\" class=\"super-shortcode-field\" type=\"text\" name=\"pocet-osob\" value=\"0\" data-steps=\"1\" data-oname=\"pocet-osob\" data-email=\"Po\u010det osob:\" data-absolute-default=\"0\" data-default-value=\"0\" data-minnumber=\"0\" data-maxnumber=\"100\" \/><\/div><span class=\"super-plus-button super-noselect\"><i>+<\/i><\/span><\/div><div class=\"super-error-msg\">Pol\u00ed\u010dko je vy\u017eadov\u00e1no!<\/div><div class=\"super-empty-error-msg\">Pol\u00ed\u010dko je vy\u017eadov\u00e1no!<\/div><\/div><div class=\"super-shortcode super-field super-calculator  super-align-right super-tooltip bottom-right super-ungrouped  \" title=\"Celkem k platb\u011b\"><div class=\"super-field-wrapper \"><div class=\"super-calculator-wrapper\" data-fields=\"{pocet-osob}\" data-decimals=\"0\" data-thousand-separator=\",\" data-decimal-separator=\".\" data-super-math=\"{pocet-osob}*1500\"><span class=\"super-calculator-label\"><\/span><span class=\"super-calculator-currency-wrapper\"><span class=\"super-calculator-currency\">Celkem CZK <\/span><span class=\"super-calculator-amount\">0<\/span><span class=\"super-calculator-format\"><\/span><\/span><\/div><input type=\"hidden\" class=\"super-shortcode-field\" data-value=\"Celkem CZK 0\" value=\"0\" name=\"subtotal\" data-oname=\"subtotal\" data-email=\"Subtotal:\" data-absolute-default=\"\" \/><\/div><div class=\"super-error-msg\">Pol\u00ed\u010dko je vy\u017eadov\u00e1no!<\/div><div class=\"super-empty-error-msg\">Pol\u00ed\u010dko je vy\u017eadov\u00e1no!<\/div><\/div><div class=\"super-shortcode super-field super-html   super-ungrouped  \"><div class=\"super-html-content\"><p class=\"form\">Pros\u00edm zkontrolujte si, jestli jm\u00e9na odpov\u00eddaj\u00ed po\u010dtu osob, kter\u00fd jste zadal.<br \/>\nPokud v\u0161e odpov\u00edd\u00e1, pokra\u010dujte pros\u00edm k vypln\u011bn\u00ed faktura\u010dn\u00edch \u00fadaj\u016f a platb\u011b.<\/h3><\/div><textarea><p class=\"form\">Pros\u00edm zkontrolujte si, jestli jm\u00e9na odpov\u00eddaj\u00ed po\u010dtu osob, kter\u00fd jste zadal.<br \/>\nPokud v\u0161e odpov\u00edd\u00e1, pokra\u010dujte pros\u00edm k vypln\u011bn\u00ed faktura\u010dn\u00edch \u00fadaj\u016f a platb\u011b.<\/h3><\/textarea><textarea class=\"super-shortcode-field super-hidden\" name=\"html_3\" data-oname=\"html_3\" data-email=\"HTML:\" data-exclude=\"2\" data-exclude-entry=\"true\" data-absolute-default=\"\" ><p class=\"form\">Pros\u00edm zkontrolujte si, jestli jm\u00e9na odpov\u00eddaj\u00ed po\u010dtu osob, kter\u00fd jste zadal.<br \/>\nPokud v\u0161e odpov\u00edd\u00e1, pokra\u010dujte pros\u00edm k vypln\u011bn\u00ed faktura\u010dn\u00edch \u00fadaj\u016f a platb\u011b.<\/h3><\/textarea><div class=\"super-error-msg\">Pol\u00ed\u010dko je vy\u017eadov\u00e1no!<\/div><div class=\"super-empty-error-msg\">Pol\u00ed\u010dko je vy\u017eadov\u00e1no!<\/div><\/div><\/div><\/div><div data-color=\"#6cb24c\" data-light=\"#80c660\" data-dark=\"#4e942e\" data-hover-color=\"#065e00\" data-hover-light=\"#1a7214\" data-hover-dark=\"#004000\" data-font=\"#ffffff\" data-font-hover=\"#ffffff\" data-radius=\"square\" data-type=\"flat\" class=\"super-extra-shortcode super-shortcode super-field super-button super-clear-none super-form-button super-radius-square super-type-flat super-button-medium super-button-align-right super-button-width-auto\"><div data-href=\"\" class=\"super-button-wrap no_link\"><div class=\"super-button-name\" data-action=\"submit\" data-normal=\"P\u0159ej\u00edt k objedn\u00e1vce\" data-loading=\"Na\u010d\u00edt\u00e1n\u00ed...\">P\u0159ej\u00edt k objedn\u00e1vce<\/div><span class=\"super-after\"><\/span><\/div><\/div><\/form><\/div>\n","protected":false},"excerpt":{"rendered":"","protected":false},"author":1,"featured_media":0,"parent":0,"menu_order":0,"comment_status":"closed","ping_status":"closed","template":"","meta":{"footnotes":""},"class_list":["post-162","page","type-page","status-publish"],"_links":{"self":[{"href":"https:\/\/platby.pske.cz\/platby\/wp-json\/wp\/v2\/pages\/162","targetHints":{"allow":["GET"]}}],"collection":[{"href":"https:\/\/platby.pske.cz\/platby\/wp-json\/wp\/v2\/pages"}],"about":[{"href":"https:\/\/platby.pske.cz\/platby\/wp-json\/wp\/v2\/types\/page"}],"author":[{"embeddable":true,"href":"https:\/\/platby.pske.cz\/platby\/wp-json\/wp\/v2\/users\/1"}],"replies":[{"embeddable":true,"href":"https:\/\/platby.pske.cz\/platby\/wp-json\/wp\/v2\/comments?post=162"}],"version-history":[{"count":1,"href":"https:\/\/platby.pske.cz\/platby\/wp-json\/wp\/v2\/pages\/162\/revisions"}],"predecessor-version":[{"id":163,"href":"https:\/\/platby.pske.cz\/platby\/wp-json\/wp\/v2\/pages\/162\/revisions\/163"}],"wp:attachment":[{"href":"https:\/\/platby.pske.cz\/platby\/wp-json\/wp\/v2\/media?parent=162"}],"curies":[{"name":"wp","href":"https:\/\/api.w.org\/{rel}","templated":true}]}}