{"id":46,"date":"2022-06-24T14:45:26","date_gmt":"2022-06-24T12:45:26","guid":{"rendered":"https:\/\/platby.pske.cz\/platby\/?page_id=46"},"modified":"2022-06-30T15:55:46","modified_gmt":"2022-06-30T13:55:46","slug":"licence-regionalnich-rozhodcich","status":"publish","type":"page","link":"https:\/\/platby.pske.cz\/platby\/licence-regionalnich-rozhodcich\/","title":{"rendered":"Licence region\u00e1ln\u00edch rozhod\u010d\u00edch"},"content":{"rendered":"<style type=\"text\/css\">.super-form:not(.super-initialized) *:not(.super-load-icon) { visibility: hidden !important; }<\/style><div id=\"super-form-130\" style=\"margin:0px 0px 0px 0px;\" class=\"super-form super-form-130  super-default-squared super-field-size-huge super-adaptive\" data-hide=\"true\" data-overlay=\"true\" data-field-size=\"huge\"><span class=\"super-load-icon\"><\/span><form tabindex=\"0\" autocomplete=\"on\" enctype=\"multipart\/form-data\"><input type=\"hidden\" name=\"sf_nonce\" value=\"\" \/><input type=\"text\" name=\"super_hp\" size=\"25\" value=\"\" \/><div class=\"super-shortcode super-field super-hidden\"><input class=\"super-shortcode-field\" type=\"hidden\" value=\"130\" name=\"hidden_form_id\" \/><\/div><div class=\"super-grid super-shortcode\"><div class=\"super-shortcode super_one_full super-column grid-level-0 column-number-1 first-column \"><div style=\"height:50px;\" class=\"super-shortcode super-field super-spacer   super-ungrouped  \"><\/div><div class=\"super-shortcode super-field super-html   super-ungrouped  \"><div class=\"super-html-content\"><p class=\"form\">P\u0159ihl\u00e1\u0161ka je platn\u00e1 pouze, pokud je na webu PSKe zve\u0159ejn\u011bno \u0161kolen\u00ed, proto si pros\u00edm p\u0159ekontrolujte na webu www.pske.cz, zda je v nejbli\u017e\u0161\u00ed dob\u011b stanoven term\u00edn \u0161kolen\u00ed, p\u0159\u00edpadn\u011b kontaktujte p\u0159edsedu komise rozhod\u010d\u00edch PSKe.<\/p><\/div><textarea><p class=\"form\">P\u0159ihl\u00e1\u0161ka je platn\u00e1 pouze, pokud je na webu PSKe zve\u0159ejn\u011bno \u0161kolen\u00ed, proto si pros\u00edm p\u0159ekontrolujte na webu www.pske.cz, zda je v nejbli\u017e\u0161\u00ed dob\u011b stanoven term\u00edn \u0161kolen\u00ed, p\u0159\u00edpadn\u011b kontaktujte p\u0159edsedu komise rozhod\u010d\u00edch PSKe.<\/p><\/textarea><textarea class=\"super-shortcode-field super-hidden\" name=\"oznam\" data-oname=\"oznam\" data-email=\"HTML:\" data-exclude=\"2\" data-exclude-entry=\"true\" data-absolute-default=\"\" ><p class=\"form\">P\u0159ihl\u00e1\u0161ka je platn\u00e1 pouze, pokud je na webu PSKe zve\u0159ejn\u011bno \u0161kolen\u00ed, proto si pros\u00edm p\u0159ekontrolujte na webu www.pske.cz, zda je v nejbli\u017e\u0161\u00ed dob\u011b stanoven term\u00edn \u0161kolen\u00ed, p\u0159\u00edpadn\u011b kontaktujte p\u0159edsedu komise rozhod\u010d\u00edch PSKe.<\/p><\/textarea><div class=\"super-error-msg\">Pol\u00ed\u010dko je vy\u017eadov\u00e1no!<\/div><div class=\"super-empty-error-msg\">Pol\u00ed\u010dko je vy\u017eadov\u00e1no!<\/div><\/div><\/div><\/div><div class=\"super-grid super-shortcode\"><div class=\"super-shortcode super_one_full super-column grid-level-0 column-number-1 first-column \" data-duplicate-limit=\"0\" data-duplicate-dynamically=\"true\"><div class=\"super-shortcode super-duplicate-column-fields\"><div style=\"padding-top:20px;padding-bottom:20px;\" class=\"super-shortcode super-field super-divider  super-align-left  super-ungrouped   align-left border-single style-dashed back-0\"><div class=\"super-divider-inner\" style=\"width:100%;border-color:#444444;border-top-width:1px;border-bottom-width:1px;height:1px;\"><\/div><\/div><div class=\"super-shortcode super-field super-html   super-ungrouped  \"><div class=\"super-html-content\"><p class=\"form\">Vypl\u0148te \u00fadaje pro osobu, za kterou chcete uhradit zkou\u0161ky.<\/p><br \/>\n<\/div><textarea><p class=\"form\">Vypl\u0148te \u00fadaje pro osobu, za kterou chcete uhradit zkou\u0161ky.<\/p><br \/>\n<\/textarea><textarea class=\"super-shortcode-field super-hidden\" name=\"html\" data-oname=\"html\" data-email=\"HTML:\" data-exclude=\"2\" data-exclude-entry=\"true\" data-absolute-default=\"\" ><p class=\"form\">Vypl\u0148te \u00fadaje pro osobu, za kterou chcete uhradit zkou\u0161ky.<\/p><br \/>\n<\/textarea><div class=\"super-error-msg\">Pol\u00ed\u010dko je vy\u017eadov\u00e1no!<\/div><div class=\"super-empty-error-msg\">Pol\u00ed\u010dko je vy\u017eadov\u00e1no!<\/div><\/div><div class=\"super-grid super-shortcode\"><div class=\"super-shortcode super_one_half super-column grid-level-1 column-number-1 first-column \"><div class=\"super-shortcode super-field super-text   super-ungrouped  \"><div class=\"super-field-wrapper \"><input tabindex=\"-1\" class=\"super-shortcode-field\" type=\"text\" name=\"first_name\" data-oname=\"first_name\" data-validation=\"empty\" data-email=\"Jm\u00e9no:\" data-absolute-default=\"\" data-default-value=\"\" \/><span class=\"super-adaptive-placeholder\" data-placeholder=\"Jm\u00e9no\" data-placeholderFilled=\"Jm\u00e9no\"><span>Jm\u00e9no<\/span><\/span><\/div><div class=\"super-error-msg\">Pol\u00ed\u010dko je vy\u017eadov\u00e1no!<\/div><div class=\"super-empty-error-msg\">Pol\u00ed\u010dko je vy\u017eadov\u00e1no!<\/div><\/div><\/div><div class=\"super-shortcode super_one_half super-column grid-level-1 column-number-2  \"><div class=\"super-shortcode super-field super-text   super-ungrouped  \"><div class=\"super-field-wrapper \"><input tabindex=\"-1\" class=\"super-shortcode-field\" type=\"text\" name=\"last_name\" data-oname=\"last_name\" data-validation=\"empty\" data-email=\"P\u0159\u00edjmen\u00ed:\" data-absolute-default=\"\" data-default-value=\"\" \/><span class=\"super-adaptive-placeholder\" data-placeholder=\"P\u0159\u00edjmen\u00ed\" data-placeholderFilled=\"P\u0159\u00edjmen\u00ed\"><span>P\u0159\u00edjmen\u00ed<\/span><\/span><\/div><div class=\"super-error-msg\">Pol\u00ed\u010dko je vy\u017eadov\u00e1no!<\/div><div class=\"super-empty-error-msg\">Pol\u00ed\u010dko je vy\u017eadov\u00e1no!<\/div><\/div><\/div><\/div><div class=\"super-shortcode super-field super-text   super-ungrouped  \"><div class=\"super-field-wrapper \"><input tabindex=\"-1\" class=\"super-shortcode-field\" type=\"text\" name=\"klub\" data-oname=\"klub\" data-email=\"Klub::\" data-absolute-default=\"\" data-default-value=\"\" \/><span class=\"super-adaptive-placeholder\" data-placeholder=\"Klub\" data-placeholderFilled=\"Klub\"><span>Klub<\/span><\/span><\/div><div class=\"super-error-msg\">Pol\u00ed\u010dko je vy\u017eadov\u00e1no!<\/div><div class=\"super-empty-error-msg\">Pol\u00ed\u010dko je vy\u017eadov\u00e1no!<\/div><\/div><div class=\"super-shortcode super-field super-dropdown   super-ungrouped  \"><div class=\"super-field-wrapper \"><input type=\"hidden\" class=\"super-shortcode-field\" name=\"volba\" value=\"\" data-oname=\"volba\" data-email=\"Dosa\u017een\u00fd technick\u00fd stupe\u0148:\" data-absolute-default=\"\" data-default-value=\"\" data-admin-email-value=\"both\" data-confirm-email-value=\"both\" \/><input tabindex=\"-1\" type=\"text\" name=\"super-dropdown-search\" value=\"\" data-logic=\"contains\" \/><ul class=\"super-dropdown-list\"><li data-value=\"\" class=\"super-item super-placeholder\">- Dosa\u017een\u00fd technick\u00fd stupe\u0148 -<\/li><li class=\"super-item\" data-value=\"prvn\u00ed volba\" data-search-value=\"4.kyu\"><div>4.kyu<\/div><\/li><li class=\"super-item\" data-value=\"druh\u00e1 volba\" data-search-value=\"3.kyu\"><div>3.kyu<\/div><\/li><li class=\"super-item\" data-value=\"t\u0159et\u00ed_volba\" data-search-value=\"2.kyu\"><div>2.kyu<\/div><\/li><li class=\"super-item\" data-value=\"t\u0159et\u00ed_volba\" data-search-value=\"1.kyu\"><div>1.kyu<\/div><\/li><li class=\"super-item\" data-value=\"t\u0159et\u00ed_volba\" data-search-value=\"1.DAN\"><div>1.DAN<\/div><\/li><li class=\"super-item\" data-value=\"t\u0159et\u00ed_volba\" data-search-value=\"2.DAN\"><div>2.DAN<\/div><\/li><li class=\"super-item\" data-value=\"t\u0159et\u00ed_volba\" data-search-value=\"3.DAN\"><div>3.DAN<\/div><\/li><li class=\"super-item\" data-value=\"t\u0159et\u00ed_volba\" data-search-value=\"4.DAN\"><div>4.DAN<\/div><\/li><li class=\"super-item\" data-value=\"t\u0159et\u00ed_volba\" data-search-value=\"5.DAN\"><div>5.DAN<\/div><\/li><li class=\"super-item\" data-value=\"t\u0159et\u00ed_volba\" data-search-value=\"5.DAN\"><div>5.DAN<\/div><\/li><li class=\"super-item\" data-value=\"t\u0159et\u00ed_volba\" data-search-value=\"6.DAN\"><div>6.DAN<\/div><\/li><li class=\"super-item\" data-value=\"t\u0159et\u00ed_volba\" data-search-value=\"7.DAN\"><div>7.DAN<\/div><\/li><li class=\"super-item\" data-value=\"t\u0159et\u00ed_volba\" data-search-value=\"8.DAN\"><div>8.DAN<\/div><\/li><li class=\"super-item\" data-value=\"t\u0159et\u00ed_volba\" data-search-value=\"9.DAN\"><div>9.DAN<\/div><\/li><li class=\"super-item\" data-value=\"t\u0159et\u00ed_volba\" data-search-value=\"10.DAN\"><div>10.DAN<\/div><\/li><\/ul><span class=\"super-dropdown-arrow\"><span class=\"super-after\"><i class=\"fas fa-caret-down\"><\/i><\/span><\/span><span class=\"super-adaptive-placeholder\" data-placeholder=\"- Dosa\u017een\u00fd technick\u00fd stupe\u0148 -\" data-placeholderFilled=\"- Dosa\u017een\u00fd technick\u00fd stupe\u0148 -\"><span>- Dosa\u017een\u00fd technick\u00fd stupe\u0148 -<\/span><\/span><\/div><div class=\"super-error-msg\">Pol\u00ed\u010dko je vy\u017eadov\u00e1no!<\/div><div class=\"super-empty-error-msg\">Pol\u00ed\u010dko je vy\u017eadov\u00e1no!<\/div><\/div><div style=\"padding-top:20px;padding-bottom:20px;\" class=\"super-shortcode super-field super-divider  super-align-left  super-ungrouped   align-left border-single style-dashed back-0\"><div class=\"super-divider-inner\" style=\"width:100%;border-color:#444444;border-top-width:1px;border-bottom-width:1px;height:1px;\"><\/div><\/div><div class=\"super-shortcode super-field super-html   super-ungrouped  \"><div class=\"super-html-content\"><p class=\"form\">Pomoc\u00ed ikony zelen\u00e9ho \"+\" p\u0159id\u00e1te pole pro vypln\u011bn\u00ed dal\u0161\u00ed osoby.<\/p><\/div><textarea><p class=\"form\">Pomoc\u00ed ikony zelen\u00e9ho \"+\" p\u0159id\u00e1te pole pro vypln\u011bn\u00ed dal\u0161\u00ed osoby.<\/p><\/textarea><textarea class=\"super-shortcode-field super-hidden\" name=\"html_2\" data-oname=\"html_2\" data-email=\"HTML:\" data-exclude=\"2\" data-exclude-entry=\"true\" data-absolute-default=\"\" ><p class=\"form\">Pomoc\u00ed ikony zelen\u00e9ho \"+\" p\u0159id\u00e1te pole pro vypln\u011bn\u00ed dal\u0161\u00ed osoby.<\/p><\/textarea><div class=\"super-error-msg\">Pol\u00ed\u010dko je vy\u017eadov\u00e1no!<\/div><div class=\"super-empty-error-msg\">Pol\u00ed\u010dko je vy\u017eadov\u00e1no!<\/div><\/div><div class=\"super-duplicate-actions\"><span class=\"super-add-duplicate\"><\/span><span class=\"super-delete-duplicate\"><\/span><\/div><\/div><\/div><\/div><div class=\"super-grid super-shortcode\"><div class=\"super-shortcode super_one_full super-column grid-level-0 column-number-1 first-column \"><div class=\"super-shortcode super-field super-quantity super-has-only-label  super-tooltip  super-ungrouped  \" title=\"Po\u010det osob\"><div class=\"super-label super-bottom-margin\">Po\u010det osob za kter\u00e9 se plat\u00ed poplatek<\/div><div class=\"super-quantity-field-wrap\"><span class=\"super-minus-button super-noselect\"><i>-<\/i><\/span><div style=\"width:80px;\" class=\"super-field-wrapper \"><input tabindex=\"-1\" class=\"super-shortcode-field\" type=\"text\" name=\"pocet-osob\" value=\"0\" data-steps=\"1\" data-oname=\"pocet-osob\" data-email=\"Po\u010det osob:\" data-absolute-default=\"0\" data-default-value=\"0\" data-minnumber=\"0\" data-maxnumber=\"100\" \/><\/div><span class=\"super-plus-button super-noselect\"><i>+<\/i><\/span><\/div><div class=\"super-error-msg\">Pol\u00ed\u010dko je vy\u017eadov\u00e1no!<\/div><div class=\"super-empty-error-msg\">Pol\u00ed\u010dko je vy\u017eadov\u00e1no!<\/div><\/div><div class=\"super-shortcode super-field super-calculator  super-align-right super-tooltip bottom-right super-ungrouped  \" title=\"Celkem k platb\u011b\"><div class=\"super-field-wrapper \"><div class=\"super-calculator-wrapper\" data-fields=\"{pocet-osob}\" data-decimals=\"0\" data-thousand-separator=\",\" data-decimal-separator=\".\" data-super-math=\"{pocet-osob}*300\"><span class=\"super-calculator-label\"><\/span><span class=\"super-calculator-currency-wrapper\"><span class=\"super-calculator-currency\">Celkem CZK <\/span><span class=\"super-calculator-amount\">0<\/span><span class=\"super-calculator-format\"><\/span><\/span><\/div><input type=\"hidden\" class=\"super-shortcode-field\" data-value=\"Celkem CZK 0\" value=\"0\" name=\"subtotal\" data-oname=\"subtotal\" data-email=\"Subtotal:\" data-absolute-default=\"\" \/><\/div><div class=\"super-error-msg\">Pol\u00ed\u010dko je vy\u017eadov\u00e1no!<\/div><div class=\"super-empty-error-msg\">Pol\u00ed\u010dko je vy\u017eadov\u00e1no!<\/div><\/div><div class=\"super-shortcode super-field super-html   super-ungrouped  \"><div class=\"super-html-content\"><p class=\"form\">Pros\u00edm zkontrolujte si, jestli jm\u00e9na odpov\u00eddaj\u00ed po\u010dtu osob, kter\u00fd jste zadal.<br \/>\nPokud v\u0161e odpov\u00edd\u00e1, pokra\u010dujte pros\u00edm k vypln\u011bn\u00ed faktura\u010dn\u00edch \u00fadaj\u016f a platb\u011b.<\/h3><\/div><textarea><p class=\"form\">Pros\u00edm zkontrolujte si, jestli jm\u00e9na odpov\u00eddaj\u00ed po\u010dtu osob, kter\u00fd jste zadal.<br \/>\nPokud v\u0161e odpov\u00edd\u00e1, pokra\u010dujte pros\u00edm k vypln\u011bn\u00ed faktura\u010dn\u00edch \u00fadaj\u016f a platb\u011b.<\/h3><\/textarea><textarea class=\"super-shortcode-field super-hidden\" name=\"html_3\" data-oname=\"html_3\" data-email=\"HTML:\" data-exclude=\"2\" data-exclude-entry=\"true\" data-absolute-default=\"\" ><p class=\"form\">Pros\u00edm zkontrolujte si, jestli jm\u00e9na odpov\u00eddaj\u00ed po\u010dtu osob, kter\u00fd jste zadal.<br \/>\nPokud v\u0161e odpov\u00edd\u00e1, pokra\u010dujte pros\u00edm k vypln\u011bn\u00ed faktura\u010dn\u00edch \u00fadaj\u016f a platb\u011b.<\/h3><\/textarea><div class=\"super-error-msg\">Pol\u00ed\u010dko je vy\u017eadov\u00e1no!<\/div><div class=\"super-empty-error-msg\">Pol\u00ed\u010dko je vy\u017eadov\u00e1no!<\/div><\/div><\/div><\/div><div data-color=\"#6cb24c\" data-light=\"#80c660\" data-dark=\"#4e942e\" data-hover-color=\"#065e00\" data-hover-light=\"#1a7214\" data-hover-dark=\"#004000\" data-font=\"#ffffff\" data-font-hover=\"#ffffff\" data-radius=\"square\" data-type=\"flat\" class=\"super-extra-shortcode super-shortcode super-field super-button super-clear-none super-form-button super-radius-square super-type-flat super-button-medium super-button-align-right super-button-width-auto\"><div data-href=\"\" class=\"super-button-wrap no_link\"><div class=\"super-button-name\" data-action=\"submit\" data-normal=\"P\u0159ej\u00edt k objedn\u00e1vce\" data-loading=\"Na\u010d\u00edt\u00e1n\u00ed...\">P\u0159ej\u00edt k objedn\u00e1vce<\/div><span class=\"super-after\"><\/span><\/div><\/div><\/form><\/div>\n","protected":false},"excerpt":{"rendered":"","protected":false},"author":1,"featured_media":0,"parent":0,"menu_order":0,"comment_status":"closed","ping_status":"closed","template":"","meta":{"footnotes":""},"class_list":["post-46","page","type-page","status-publish"],"_links":{"self":[{"href":"https:\/\/platby.pske.cz\/platby\/wp-json\/wp\/v2\/pages\/46","targetHints":{"allow":["GET"]}}],"collection":[{"href":"https:\/\/platby.pske.cz\/platby\/wp-json\/wp\/v2\/pages"}],"about":[{"href":"https:\/\/platby.pske.cz\/platby\/wp-json\/wp\/v2\/types\/page"}],"author":[{"embeddable":true,"href":"https:\/\/platby.pske.cz\/platby\/wp-json\/wp\/v2\/users\/1"}],"replies":[{"embeddable":true,"href":"https:\/\/platby.pske.cz\/platby\/wp-json\/wp\/v2\/comments?post=46"}],"version-history":[{"count":2,"href":"https:\/\/platby.pske.cz\/platby\/wp-json\/wp\/v2\/pages\/46\/revisions"}],"predecessor-version":[{"id":134,"href":"https:\/\/platby.pske.cz\/platby\/wp-json\/wp\/v2\/pages\/46\/revisions\/134"}],"wp:attachment":[{"href":"https:\/\/platby.pske.cz\/platby\/wp-json\/wp\/v2\/media?parent=46"}],"curies":[{"name":"wp","href":"https:\/\/api.w.org\/{rel}","templated":true}]}}